{"id":999,"date":"2026-03-02T14:37:48","date_gmt":"2026-03-02T07:37:48","guid":{"rendered":"https:\/\/mhc.onature.vn\/?page_id=999"},"modified":"2026-03-27T18:11:32","modified_gmt":"2026-03-27T11:11:32","slug":"doi-ngu-chuyen-gia","status":"publish","type":"page","link":"https:\/\/tamlymhcdalat.com\/index.php\/doi-ngu-chuyen-gia\/","title":{"rendered":"\u0110\u1ed9i ng\u0169 chuy\u00ean gia"},"content":{"rendered":"\n<p><strong>S\u1ee8C M\u1ea0NH C\u1ed0T L\u00d5I C\u1ee6A T\u00c2M L\u00dd MHC \u0110\u00c0 L\u1ea0T<\/strong><\/p>\n\n\n\n<p>S\u1ee9c m\u1ea1nh c\u1ed1t l\u00f5i c\u1ee7a <strong>Trung t\u00e2m ch\u0103m s\u00f3c s\u1ee9c kh\u1ecfe tinh th\u1ea7n MHC \u0110\u00e0 L\u1ea1t (T\u00e2m l\u00fd MHC \u0110\u00e0 L\u1ea1t)<\/strong> n\u1eb1m \u1edf \u0111\u1ed9i ng\u0169 chuy\u00ean gia n\u00f2ng c\u1ed1t gi\u00e0u kinh nghi\u1ec7m, t\u1eadn t\u00e2m v\u00e0 c\u00f3 n\u1ec1n t\u1ea3ng h\u1ecdc thu\u1eadt v\u1eefng ch\u1eafc t\u1eeb c\u00e1c l\u0129nh v\u1ef1c: <strong>T\u00e2m l\u00fd h\u1ecdc, Y h\u1ecdc, X\u00e3 h\u1ed9i v\u00e0 Qu\u1ea3n tr\u1ecb t\u1ed5 ch\u1ee9c<\/strong>. Ch\u00fang t\u00f4i tin r\u1eb1ng m\u1ed9t v\u1ea5n \u0111\u1ec1 s\u1ee9c kh\u1ecfe tinh th\u1ea7n c\u1ea7n \u0111\u01b0\u1ee3c nh\u00ecn nh\u1eadn \u0111a chi\u1ec1u \u0111\u1ec3 c\u00f3 gi\u1ea3i ph\u00e1p can thi\u1ec7p hi\u1ec7u qu\u1ea3 nh\u1ea5t.<\/p>\n\n\n\n<p>\u0110\u1ed9i ng\u0169 c\u1ee7a ch\u00fang t\u00f4i kh\u00f4ng ch\u1ec9 s\u1edf h\u1eefu ki\u1ebfn th\u1ee9c th\u1ef1c ti\u1ec5n t\u1eeb nh\u1eefng tr\u01b0\u1eddng, vi\u1ec7n \u0111\u00e0o t\u1ea1o uy t\u00edn trong v\u00e0 ngo\u00e0i n\u01b0\u1edbc m\u00e0 c\u00f2n nh\u1eadn th\u1ee9c r\u00f5 ti\u00eau chu\u1ea9n qu\u1ea3n l\u00fd v\u00e0 li\u1ec7u ph\u00e1p can thi\u1ec7p t\u00e2m l\u00fd chuy\u00ean s\u00e2u. &nbsp;<\/p>\n\n\n\n<p>V\u1edbi tinh th\u1ea7n <strong>&#8220;Th\u1ea5u hi\u1ec3u b\u1eb1ng tr\u00e1i tim \u2013 \u0110\u1ed3ng h\u00e0nh b\u1eb1ng tri th\u1ee9c&#8221;<\/strong>, c\u00e1c chuy\u00ean gia t\u1ea1i T\u00e2m l\u00fd MHC \u0110\u00e0 L\u1ea1t cam k\u1ebft v\u1eadn d\u1ee5ng t\u1ed1i \u0111a n\u0103ng l\u1ef1c chuy\u00ean m\u00f4n v\u00e0 c\u00e1c c\u00f4ng c\u1ee5 hi\u1ec7n \u0111\u1ea1i nh\u01b0 ph\u00e2n t\u00edch d\u1eef li\u1ec7u \u0111\u1ec3 thi\u1ebft k\u1ebf l\u1ed9 tr\u00ecnh ch\u0103m s\u00f3c ri\u00eang bi\u1ec7t cho t\u1eebng kh\u00e1ch h\u00e0ng v\u00e0 th\u00e2n ch\u1ee7. Ch\u00fang t\u00f4i t\u1ef1 h\u00e0o \u0111\u1ed3ng h\u00e0nh c\u00f9ng c\u1ed9ng \u0111\u1ed3ng tr\u00ean h\u00e0nh tr\u00ecnh b\u1ea3o v\u1ec7 v\u00e0 n\u00e2ng cao s\u1ee9c kh\u1ecfe tinh th\u1ea7n theo \u0111\u00fang ti\u00eau chu\u1ea9n to\u00e0n di\u1ec7n c\u1ee7a WHO.<\/p>\n\n\n\n<p><strong>H\u1ed8I \u0110\u1ed2NG C\u1ed0 V\u1ea4N:<\/strong><\/p>\n\n\n<div class=\"wp-block-image\">\n<figure class=\"aligncenter size-full is-resized\"><img loading=\"lazy\" decoding=\"async\" width=\"296\" height=\"340\" src=\"https:\/\/tamlymhcdalat.com\/wp-content\/uploads\/2026\/03\/image-12.png\" alt=\"\" class=\"wp-image-1168\" style=\"width:auto;height:251px\" srcset=\"https:\/\/tamlymhcdalat.com\/wp-content\/uploads\/2026\/03\/image-12.png 296w, https:\/\/tamlymhcdalat.com\/wp-content\/uploads\/2026\/03\/image-12-261x300.png 261w\" sizes=\"auto, (max-width: 296px) 100vw, 296px\" \/><\/figure>\n<\/div>\n\n\n<p class=\"has-text-align-center\"><strong>Ti\u1ebfn s\u0129. NGUY\u1ec4N TH\u00c1I QU\u1ef2NH CHI<\/strong><\/p>\n\n\n\n<p class=\"has-text-align-center\"><strong>C\u1ed1 v\u1ea5n cao c\u1ea5p t\u1ea1i Trung t\u00e2m ch\u0103m s\u00f3c s\u1ee9c kh\u1ecfe tinh th\u1ea7n MHC \u0110\u00e0 L\u1ea1t<\/strong><\/p>\n\n\n\n<p class=\"has-text-align-center\">T\u1ed5 tr\u01b0\u1edfng t\u1ed5 chuy\u00ean m\u00f4n X\u00e3 h\u1ed9i h\u1ecdc v\u00e0 Gi\u00e1o d\u1ee5c s\u1ee9c kh\u1ecfe &#8211; Khoa Khoa h\u1ecdc x\u00e3 h\u1ed9i v\u00e0 h\u00e0nh vi Tr\u01b0\u1eddng \u0110\u1ea1i h\u1ecdc Y t\u1ebf c\u00f4ng c\u1ed9ng&nbsp; (HUPH) Tr\u1ef1c thu\u1ed9c B\u1ed9 Y t\u1ebf<\/p>\n\n\n\n<hr class=\"wp-block-separator has-text-color has-luminous-vivid-amber-color has-alpha-channel-opacity has-luminous-vivid-amber-background-color has-background\"\/>\n\n\n<div class=\"wp-block-image\">\n<figure class=\"aligncenter size-full is-resized\"><img loading=\"lazy\" decoding=\"async\" width=\"280\" height=\"372\" src=\"https:\/\/tamlymhcdalat.com\/wp-content\/uploads\/2026\/03\/image-13.png\" alt=\"\" class=\"wp-image-1170\" style=\"width:auto;height:252px\" srcset=\"https:\/\/tamlymhcdalat.com\/wp-content\/uploads\/2026\/03\/image-13.png 280w, https:\/\/tamlymhcdalat.com\/wp-content\/uploads\/2026\/03\/image-13-226x300.png 226w\" sizes=\"auto, (max-width: 280px) 100vw, 280px\" \/><\/figure>\n<\/div>\n\n\n<p class=\"has-text-align-center\"><strong>ThS. V\u01b0\u01a1ng \u0110\u0103ng Di\u1ec5n<\/strong><\/p>\n\n\n\n<p class=\"has-text-align-center\"><strong>Th\u1ea1c s\u0129 Khoa h\u1ecdc<\/strong><\/p>\n\n\n\n<p class=\"has-text-align-center\"><strong>C\u1ed1 v\u1ea5n c\u1ea5p cao t\u1ea1i Trung t\u00e2m ch\u0103m s\u00f3c s\u1ee9c kh\u1ecfe tinh th\u1ea7n MHC \u0110\u00e0 L\u1ea1t<\/strong><\/p>\n\n\n\n<p class=\"has-text-align-center\">Nguy\u00ean Tr\u01b0\u1edfng B\u1ed9 m\u00f4n T\u00e2m l\u00fd \u2013 Gi\u00e1o d\u1ee5c Tr\u01b0\u1eddng Cao \u0111\u1eb3ng S\u01b0 ph\u1ea1m \u0110\u00e0 L\u1ea1t<\/p>\n\n\n\n<p class=\"has-text-align-center\">Nguy\u00ean Th\u01b0 k\u00fd H\u1ed9i khoa h\u1ecdc T\u00e2m l\u00fd Gi\u00e1o d\u1ee5c t\u1ec9nh L\u00e2m \u0110\u1ed3ng<\/p>\n\n\n\n<hr class=\"wp-block-separator has-text-color has-luminous-vivid-amber-color has-alpha-channel-opacity has-luminous-vivid-amber-background-color has-background\"\/>\n\n\n<div class=\"wp-block-image\">\n<figure class=\"aligncenter size-full is-resized\"><img loading=\"lazy\" decoding=\"async\" width=\"299\" height=\"365\" src=\"https:\/\/tamlymhcdalat.com\/wp-content\/uploads\/2026\/03\/image-32.png\" alt=\"\" class=\"wp-image-1212\" style=\"width:auto;height:252px\" srcset=\"https:\/\/tamlymhcdalat.com\/wp-content\/uploads\/2026\/03\/image-32.png 299w, https:\/\/tamlymhcdalat.com\/wp-content\/uploads\/2026\/03\/image-32-246x300.png 246w\" sizes=\"auto, (max-width: 299px) 100vw, 299px\" \/><\/figure>\n<\/div>\n\n\n<p class=\"has-text-align-center\"><strong>QUANG TH\u1eca M\u1ed8NG CHI<\/strong><\/p>\n\n\n\n<p class=\"has-text-align-center\"><strong>ThS &#8211; Nghi\u00ean c\u1ee9u sinh Ti\u1ebfn s\u0129<\/strong><\/p>\n\n\n\n<p class=\"has-text-align-center\"><strong>C\u1ed1 v\u1ea5n cao c\u1ea5p t\u1ea1i Trung t\u00e2m ch\u0103m s\u00f3c s\u1ee9c kh\u1ecfe tinh th\u1ea7n MHC \u0110\u00e0 L\u1ea1t<\/strong><\/p>\n\n\n\n<p class=\"has-text-align-center\">Gi\u1ea3ng vi\u00ean Khoa T\u00e2m l\u00fd, Tr\u01b0\u1eddng \u0110\u1ea1i h\u1ecdc Khoa h\u1ecdc X\u00e3 h\u1ed9i v\u00e0 Nh\u00e2n v\u0103n \u2013 \u0110\u1ea1i h\u1ecdc Qu\u1ed1c Gia th\u00e0nh ph\u1ed1 H\u1ed3 Ch\u00ed Minh (HCMUSSH).<\/p>\n\n\n\n<hr class=\"wp-block-separator aligncenter has-text-color has-luminous-vivid-amber-color has-alpha-channel-opacity has-luminous-vivid-amber-background-color has-background is-style-wide\"\/>\n\n\n\n<p><strong>CHUY\u00caN GIA L\u0128NH V\u1ef0C CHUY\u00caN M\u00d4N:<\/strong><\/p>\n\n\n<div class=\"wp-block-image\">\n<figure class=\"aligncenter size-full is-resized\"><img loading=\"lazy\" decoding=\"async\" width=\"284\" height=\"329\" src=\"https:\/\/tamlymhcdalat.com\/wp-content\/uploads\/2026\/03\/image-14.png\" alt=\"\" class=\"wp-image-1171\" style=\"width:auto;height:251px\" srcset=\"https:\/\/tamlymhcdalat.com\/wp-content\/uploads\/2026\/03\/image-14.png 284w, https:\/\/tamlymhcdalat.com\/wp-content\/uploads\/2026\/03\/image-14-259x300.png 259w\" sizes=\"auto, (max-width: 284px) 100vw, 284px\" \/><\/figure>\n<\/div>\n\n\n<p class=\"has-text-align-center\"><strong>Th\u1ea1c s\u0129. TR\u1ea6N \u0110\u00ccNH H\u00d9NG<\/strong><\/p>\n\n\n\n<p class=\"has-text-align-center\"><strong>Founder<\/strong><\/p>\n\n\n\n<p class=\"has-text-align-center\"><strong>GI\u00c1M \u0110\u1ed0C TRUNG T\u00c2M<\/strong><\/p>\n\n\n\n<p class=\"has-text-align-center\"><strong>H\u1ed9i Vi\u00ean H\u1ed9i T\u00e2m L\u00fd Tr\u1ecb Li\u1ec7u Vi\u1ec7t Nam<\/strong><\/p>\n\n\n\n<p class=\"has-text-align-center\">NH\u00c0 TH\u1ef0C H\u00c0NH CAN THI\u1ec6P, NGHI\u00caN C\u1ee8U VI\u00caN, GI\u1ea2NG VI\u00caN&nbsp; <\/p>\n\n\n\n<hr class=\"wp-block-separator has-text-color has-luminous-vivid-amber-color has-alpha-channel-opacity has-luminous-vivid-amber-background-color has-background\"\/>\n\n\n<div class=\"wp-block-image\">\n<figure class=\"aligncenter size-full is-resized\"><img loading=\"lazy\" decoding=\"async\" width=\"272\" height=\"329\" src=\"https:\/\/tamlymhcdalat.com\/wp-content\/uploads\/2026\/03\/image-15.png\" alt=\"\" class=\"wp-image-1172\" style=\"width:auto;height:251px\" srcset=\"https:\/\/tamlymhcdalat.com\/wp-content\/uploads\/2026\/03\/image-15.png 272w, https:\/\/tamlymhcdalat.com\/wp-content\/uploads\/2026\/03\/image-15-248x300.png 248w\" sizes=\"auto, (max-width: 272px) 100vw, 272px\" \/><\/figure>\n<\/div>\n\n\n<p class=\"has-text-align-center\"><strong>Th\u1ea1c s\u0129. TR\u1ea6N GIA B\u1ea2O<\/strong><\/p>\n\n\n\n<p class=\"has-text-align-center\"><strong>Co-Founder<\/strong><\/p>\n\n\n\n<p class=\"has-text-align-center\"><strong>PH\u00d3 GI\u00c1M \u0110\u1ed0C TRUNG T\u00c2M<\/strong><\/p>\n\n\n\n<p class=\"has-text-align-center\">NH\u00c0 T\u00c2M L\u00dd L\u00c2M S\u00c0NG, NGHI\u00caN C\u1ee8U VI\u00caN, GI\u1ea2NG VI\u00caN<\/p>\n\n\n\n<hr class=\"wp-block-separator has-text-color has-luminous-vivid-amber-color has-alpha-channel-opacity has-luminous-vivid-amber-background-color has-background\"\/>\n\n\n<div class=\"wp-block-image\">\n<figure class=\"aligncenter size-full is-resized\"><img loading=\"lazy\" decoding=\"async\" width=\"279\" height=\"292\" src=\"https:\/\/tamlymhcdalat.com\/wp-content\/uploads\/2026\/03\/image-16.png\" alt=\"\" class=\"wp-image-1173\" style=\"width:auto;height:251px\"\/><\/figure>\n<\/div>\n\n\n<p class=\"has-text-align-center\"><strong>BS. CKI. H\u1ed2 MINH TH\u1eaeNG<\/strong><\/p>\n\n\n\n<p class=\"has-text-align-center\"><strong>Team Member<\/strong><\/p>\n\n\n\n<p class=\"has-text-align-center\"><strong>B\u00e1c s\u0129 chuy\u00ean khoa c\u1ea5p I<\/strong><\/p>\n\n\n\n<p class=\"has-text-align-center\">NH\u00c0 CAN THI\u1ec6P NHI KHOA PH\u00c1T TRI\u1ec2N<\/p>\n\n\n\n<hr class=\"wp-block-separator has-text-color has-luminous-vivid-amber-color has-alpha-channel-opacity has-luminous-vivid-amber-background-color has-background\"\/>\n\n\n<div class=\"wp-block-image\">\n<figure class=\"aligncenter size-full is-resized\"><img loading=\"lazy\" decoding=\"async\" width=\"231\" height=\"341\" src=\"https:\/\/tamlymhcdalat.com\/wp-content\/uploads\/2026\/03\/image-17.png\" alt=\"\" class=\"wp-image-1174\" style=\"width:auto;height:251px\" srcset=\"https:\/\/tamlymhcdalat.com\/wp-content\/uploads\/2026\/03\/image-17.png 231w, https:\/\/tamlymhcdalat.com\/wp-content\/uploads\/2026\/03\/image-17-203x300.png 203w\" sizes=\"auto, (max-width: 231px) 100vw, 231px\" \/><\/figure>\n<\/div>\n\n\n<p class=\"has-text-align-center\"><strong>NGUY\u1ec4N TH\u1eca NH\u01af TH\u00daY<\/strong><\/p>\n\n\n\n<p class=\"has-text-align-center\">Th\u1ea1c s\u0129 T\u00e2m l\u00fd h\u1ecdc<\/p>\n\n\n\n<p class=\"has-text-align-center\"><strong>Professional Associate<\/strong><\/p>\n\n\n\n<p class=\"has-text-align-center\">NH\u00c0 CHUY\u00caN M\u00d4N C\u1ed8NG T\u00c1C CHUY\u00caN \u0110\u1ec0 T\u00c2M L\u00dd H\u1eccC \u0110\u01af\u1edcNG<\/p>\n\n\n\n<hr class=\"wp-block-separator has-text-color has-luminous-vivid-amber-color has-alpha-channel-opacity has-luminous-vivid-amber-background-color has-background\"\/>\n\n\n<div class=\"wp-block-image\">\n<figure class=\"aligncenter size-full is-resized\"><img loading=\"lazy\" decoding=\"async\" width=\"328\" height=\"331\" src=\"https:\/\/tamlymhcdalat.com\/wp-content\/uploads\/2026\/03\/image-18.png\" alt=\"\" class=\"wp-image-1175\" style=\"width:auto;height:251px\" srcset=\"https:\/\/tamlymhcdalat.com\/wp-content\/uploads\/2026\/03\/image-18.png 328w, https:\/\/tamlymhcdalat.com\/wp-content\/uploads\/2026\/03\/image-18-297x300.png 297w, https:\/\/tamlymhcdalat.com\/wp-content\/uploads\/2026\/03\/image-18-150x150.png 150w\" sizes=\"auto, (max-width: 328px) 100vw, 328px\" \/><\/figure>\n<\/div>\n\n\n<p class=\"has-text-align-center\"><strong>Th\u1ea1c s\u0129. L\u00ca MINH HU\u00c2N<\/strong><\/p>\n\n\n\n<p class=\"has-text-align-center\"><strong>Team Member<\/strong><\/p>\n\n\n\n<p class=\"has-text-align-center\">GI\u1ea2NG VI\u00caN, NH\u00c0 THAM V\u1ea4N T\u00c2M L\u00dd H\u1eccC \u0110\u01af\u1edcNG, T\u00ccNH Y\u00caU &#8211; H\u00d4N NH\u00c2N &#8211; GIA \u0110\u00ccNH<\/p>\n\n\n\n<hr class=\"wp-block-separator has-text-color has-luminous-vivid-amber-color has-alpha-channel-opacity has-luminous-vivid-amber-background-color has-background\"\/>\n\n\n<div class=\"wp-block-image\">\n<figure class=\"aligncenter size-full is-resized\"><img loading=\"lazy\" decoding=\"async\" width=\"262\" height=\"375\" src=\"https:\/\/tamlymhcdalat.com\/wp-content\/uploads\/2026\/03\/image-19.png\" alt=\"\" class=\"wp-image-1176\" style=\"width:auto;height:251px\" srcset=\"https:\/\/tamlymhcdalat.com\/wp-content\/uploads\/2026\/03\/image-19.png 262w, https:\/\/tamlymhcdalat.com\/wp-content\/uploads\/2026\/03\/image-19-210x300.png 210w\" sizes=\"auto, (max-width: 262px) 100vw, 262px\" \/><\/figure>\n<\/div>\n\n\n<p class=\"has-text-align-center\"><strong>B\u00e1c s\u0129. NG\u00d4 V\u0102N L\u00c2M<\/strong><\/p>\n\n\n\n<p class=\"has-text-align-center\"><strong>Team Member<\/strong><\/p>\n\n\n\n<p class=\"has-text-align-center\"><strong>B\u00e1c s\u0129 chuy\u00ean khoa Nhi<\/strong><\/p>\n\n\n\n<p class=\"has-text-align-center\">NH\u00c0 CAN THI\u1ec6P NHI KHOA PH\u00c1T TRI\u1ec2N<\/p>\n\n\n\n<hr class=\"wp-block-separator has-text-color has-luminous-vivid-amber-color has-alpha-channel-opacity has-luminous-vivid-amber-background-color has-background is-style-wide\"\/>\n\n\n\n<p><strong>CHUY\u00caN GIA C\u1ed0 V\u1ea4N &#8211; KH\u1ed0I H\u1ed6 TR\u1ee2:<\/strong><\/p>\n\n\n<div class=\"wp-block-image\">\n<figure class=\"aligncenter size-full is-resized\"><img loading=\"lazy\" decoding=\"async\" width=\"275\" height=\"342\" src=\"https:\/\/tamlymhcdalat.com\/wp-content\/uploads\/2026\/03\/image-21.png\" alt=\"\" class=\"wp-image-1178\" style=\"width:auto;height:251px\" srcset=\"https:\/\/tamlymhcdalat.com\/wp-content\/uploads\/2026\/03\/image-21.png 275w, https:\/\/tamlymhcdalat.com\/wp-content\/uploads\/2026\/03\/image-21-241x300.png 241w\" sizes=\"auto, (max-width: 275px) 100vw, 275px\" \/><\/figure>\n<\/div>\n\n\n<p class=\"has-text-align-center\"><strong>Th\u1ea1c s\u0129. NGUY\u1ec4N TRUNG MINH ANH<\/strong><\/p>\n\n\n\n<p class=\"has-text-align-center\"><strong><em>Top 1% sinh vi\u00ean xu\u1ea5t s\u1eafc nh\u1ea5t tr\u01b0\u1eddng \u0110\u1ea1i h\u1ecdc C\u00f4ng ngh\u1ec7 Curtin (\u00dac) 2008<\/em><\/strong><\/p>\n\n\n\n<p class=\"has-text-align-center\">Chuy\u00ean gia c\u1ed1 v\u1ea5n Trung t\u00e2m<\/p>\n\n\n\n<p class=\"has-text-align-center\">L\u0129nh v\u1ef1c ho\u1ea1t \u0111\u1ed9ng: H\u00e0nh vi v\u00e0 v\u0103n h\u00f3a T\u1ed5 ch\u1ee9c, T\u1ed5 ch\u1ee9c qu\u1ea3n l\u00fd, Qu\u1ea3n l\u00fd d\u1ef1 \u00e1n.<\/p>\n\n\n\n<hr class=\"wp-block-separator has-text-color has-luminous-vivid-amber-color has-alpha-channel-opacity has-luminous-vivid-amber-background-color has-background\"\/>\n\n\n<div class=\"wp-block-image\">\n<figure class=\"aligncenter size-full is-resized\"><img loading=\"lazy\" decoding=\"async\" width=\"287\" height=\"375\" src=\"https:\/\/tamlymhcdalat.com\/wp-content\/uploads\/2026\/03\/image-22.png\" alt=\"\" class=\"wp-image-1179\" style=\"width:auto;height:251px\" srcset=\"https:\/\/tamlymhcdalat.com\/wp-content\/uploads\/2026\/03\/image-22.png 287w, https:\/\/tamlymhcdalat.com\/wp-content\/uploads\/2026\/03\/image-22-230x300.png 230w\" sizes=\"auto, (max-width: 287px) 100vw, 287px\" \/><\/figure>\n<\/div>\n\n\n<p class=\"has-text-align-center\"><strong>Th\u1ea1c s\u0129. L\u00dd VI\u1ec4N \u00dd<\/strong><\/p>\n\n\n\n<p class=\"has-text-align-center\">Chuy\u00ean gia c\u1ed1 v\u1ea5n Trung t\u00e2m<\/p>\n\n\n\n<p class=\"has-text-align-center\">L\u0129nh v\u1ef1c ho\u1ea1t \u0111\u1ed9ng: Kh\u1ee7ng ho\u1ea3ng truy\u1ec1n th\u00f4ng, T\u1ed5 ch\u1ee9c qu\u1ea3n l\u00fd, Qu\u1ea3n l\u00fd d\u1ef1 \u00e1n, Ph\u00e2n t\u00edch d\u1eef li\u1ec7u v\u00e0 chuy\u1ec3n \u0111\u1ed5i s\u1ed1, Tr\u00ed tu\u1ec7 nh\u00e2n t\u1ea1o (AI).<\/p>\n","protected":false},"excerpt":{"rendered":"<p>S\u1ee8C M\u1ea0NH C\u1ed0T L\u00d5I C\u1ee6A T\u00c2M L\u00dd MHC \u0110\u00c0 L\u1ea0T S\u1ee9c m\u1ea1nh c\u1ed1t l\u00f5i c\u1ee7a<\/p>\n","protected":false},"author":1,"featured_media":0,"parent":0,"menu_order":0,"comment_status":"closed","ping_status":"closed","template":"","meta":{"footnotes":""},"class_list":["post-999","page","type-page","status-publish","hentry"],"_links":{"self":[{"href":"https:\/\/tamlymhcdalat.com\/index.php\/wp-json\/wp\/v2\/pages\/999","targetHints":{"allow":["GET"]}}],"collection":[{"href":"https:\/\/tamlymhcdalat.com\/index.php\/wp-json\/wp\/v2\/pages"}],"about":[{"href":"https:\/\/tamlymhcdalat.com\/index.php\/wp-json\/wp\/v2\/types\/page"}],"author":[{"embeddable":true,"href":"https:\/\/tamlymhcdalat.com\/index.php\/wp-json\/wp\/v2\/users\/1"}],"replies":[{"embeddable":true,"href":"https:\/\/tamlymhcdalat.com\/index.php\/wp-json\/wp\/v2\/comments?post=999"}],"version-history":[{"count":21,"href":"https:\/\/tamlymhcdalat.com\/index.php\/wp-json\/wp\/v2\/pages\/999\/revisions"}],"predecessor-version":[{"id":1216,"href":"https:\/\/tamlymhcdalat.com\/index.php\/wp-json\/wp\/v2\/pages\/999\/revisions\/1216"}],"wp:attachment":[{"href":"https:\/\/tamlymhcdalat.com\/index.php\/wp-json\/wp\/v2\/media?parent=999"}],"curies":[{"name":"wp","href":"https:\/\/api.w.org\/{rel}","templated":true}]}}